{"id":60,"date":"2010-12-09T16:42:11","date_gmt":"2010-12-09T16:42:11","guid":{"rendered":"http:\/\/www.bevanger.co.uk\/?page_id=60"},"modified":"2011-02-14T10:27:25","modified_gmt":"2011-02-14T10:27:25","slug":"previous-work","status":"publish","type":"page","link":"http:\/\/www.bevanger.co.uk\/?page_id=60","title":{"rendered":"Archive"},"content":{"rendered":"<p>Some of my previous work created before my webpage can be found here &#8211; some in English, some in Norwegian:<\/p>\n<h3>UK Stereotypes (February 2010)<\/h3>\n<p>The UK might be one nation, but stereotypes abound between people from its four separate countries: England, Wales, Scotland and Northern Ireland.<\/p>\n<p>My report for Network Europe:<\/p>\n<p><object id=\"boo_player_1\" classid=\"clsid:d27cdb6e-ae6d-11cf-96b8-444553540000\" width=\"400\" height=\"129\" codebase=\"http:\/\/download.macromedia.com\/pub\/shockwave\/cabs\/flash\/swflash.cab#version=6,0,40,0\"><param name=\"data\" value=\"http:\/\/boos.audioboo.fm\/swf\/fullsize_player.swf\" \/><param name=\"scale\" value=\"noscale\" \/><param name=\"salign\" value=\"lt\" \/><param name=\"bgColor\" value=\"#FFFFFF\" \/><param name=\"allowScriptAccess\" value=\"always\" \/><param name=\"wmode\" value=\"window\" \/><param name=\"FlashVars\" value=\"mp3=http%3A%2F%2Faudioboo.fm%2Fboos%2F242253-uk-stereotypes.mp3%3Fsource%3Dembed&amp;mp3Author=lbevanger&amp;mp3LinkURL=http%3A%2F%2Faudioboo.fm%2Fboos%2F242253-uk-stereotypes&amp;mp3Title=UK+Stereotypes&amp;rootID=boo_player_1&amp;mp3Time=09.27pm+21+Dec+2010\" \/><param name=\"src\" value=\"http:\/\/boos.audioboo.fm\/swf\/fullsize_player.swf\" \/><param name=\"bgcolor\" value=\"#FFFFFF\" \/><param name=\"flashvars\" value=\"mp3=http%3A%2F%2Faudioboo.fm%2Fboos%2F242253-uk-stereotypes.mp3%3Fsource%3Dembed&amp;mp3Author=lbevanger&amp;mp3LinkURL=http%3A%2F%2Faudioboo.fm%2Fboos%2F242253-uk-stereotypes&amp;mp3Title=UK+Stereotypes&amp;rootID=boo_player_1&amp;mp3Time=09.27pm+21+Dec+2010\" \/><embed id=\"boo_player_1\" type=\"application\/x-shockwave-flash\" width=\"400\" height=\"129\" src=\"http:\/\/boos.audioboo.fm\/swf\/fullsize_player.swf\" flashvars=\"mp3=http%3A%2F%2Faudioboo.fm%2Fboos%2F242253-uk-stereotypes.mp3%3Fsource%3Dembed&amp;mp3Author=lbevanger&amp;mp3LinkURL=http%3A%2F%2Faudioboo.fm%2Fboos%2F242253-uk-stereotypes&amp;mp3Title=UK+Stereotypes&amp;rootID=boo_player_1&amp;mp3Time=09.27pm+21+Dec+2010\" wmode=\"window\" allowscriptaccess=\"always\" bgcolor=\"#FFFFFF\" salign=\"lt\" scale=\"noscale\" data=\"http:\/\/boos.audioboo.fm\/swf\/fullsize_player.swf\"><\/embed><\/object><\/p>\n<h3>EDL: the rise of a far right street movement (October 2010)<\/h3>\n<p>Some say they&#8217;re the fastest-growing far-right street movement since fascists took to the streets of Britain and other European countries in the 1930s. The anti-Islam English Defence League have staged over ten violent demonstrations across England since forming in 2009, and have tried to take their far-right rhetoric to Europe. Hear my report for Deutsche Welle Radio:<\/p>\n<p><object id=\"boo_player_1\" classid=\"clsid:d27cdb6e-ae6d-11cf-96b8-444553540000\" width=\"400\" height=\"129\" codebase=\"http:\/\/download.macromedia.com\/pub\/shockwave\/cabs\/flash\/swflash.cab#version=6,0,40,0\"><param name=\"data\" value=\"http:\/\/boos.audioboo.fm\/swf\/fullsize_player.swf\" \/><param name=\"scale\" value=\"noscale\" \/><param name=\"salign\" value=\"lt\" \/><param name=\"bgColor\" value=\"#FFFFFF\" \/><param name=\"allowScriptAccess\" value=\"always\" \/><param name=\"wmode\" value=\"window\" \/><param name=\"FlashVars\" value=\"mp3=http%3A%2F%2Faudioboo.fm%2Fboos%2F253452-edl-rise-of-a-far-right-street-movement.mp3%3Fsource%3Dembed&amp;mp3Author=lbevanger&amp;mp3LinkURL=http%3A%2F%2Faudioboo.fm%2Fboos%2F253452-edl-rise-of-a-far-right-street-movement&amp;mp3Title=EDL+-+rise+of+a+far-right+street+movement&amp;mp3Time=11.47pm+11+Jan+2011&amp;rootID=boo_player_1\" \/><param name=\"src\" value=\"http:\/\/boos.audioboo.fm\/swf\/fullsize_player.swf\" \/><param name=\"bgcolor\" value=\"#FFFFFF\" \/><param name=\"flashvars\" value=\"mp3=http%3A%2F%2Faudioboo.fm%2Fboos%2F253452-edl-rise-of-a-far-right-street-movement.mp3%3Fsource%3Dembed&amp;mp3Author=lbevanger&amp;mp3LinkURL=http%3A%2F%2Faudioboo.fm%2Fboos%2F253452-edl-rise-of-a-far-right-street-movement&amp;mp3Title=EDL+-+rise+of+a+far-right+street+movement&amp;mp3Time=11.47pm+11+Jan+2011&amp;rootID=boo_player_1\" \/><embed id=\"boo_player_1\" type=\"application\/x-shockwave-flash\" width=\"400\" height=\"129\" src=\"http:\/\/boos.audioboo.fm\/swf\/fullsize_player.swf\" flashvars=\"mp3=http%3A%2F%2Faudioboo.fm%2Fboos%2F253452-edl-rise-of-a-far-right-street-movement.mp3%3Fsource%3Dembed&amp;mp3Author=lbevanger&amp;mp3LinkURL=http%3A%2F%2Faudioboo.fm%2Fboos%2F253452-edl-rise-of-a-far-right-street-movement&amp;mp3Title=EDL+-+rise+of+a+far-right+street+movement&amp;mp3Time=11.47pm+11+Jan+2011&amp;rootID=boo_player_1\" wmode=\"window\" allowscriptaccess=\"always\" bgcolor=\"#FFFFFF\" salign=\"lt\" scale=\"noscale\" data=\"http:\/\/boos.audioboo.fm\/swf\/fullsize_player.swf\"><\/embed><\/object><\/p>\n<h3>Joy Division feires med utstilling i hjembyen (juli 2010)<\/h3>\n<p>Mange av de som var ten\u00e5ringer p\u00e5 70- og 80-tallet vil ha deppa over musikken til Engleske Joy Division. Gruppa var post-punk pionerer med sine m\u00f8rke og til tider depressive l\u00e5ter, og de har inspirert artister fra U2 og The Cure til Moby og Red Hot Chilipeppers. Denne sommeren er det tretti \u00e5r siden Joy Divisions frontmann Ian Curtis tok livet sitt i hjembyen Macclesfield n\u00e6r Manchester. Men tross alt det triste rundt Curtis og bandet, har folk i Macclesfield bestemt seg for \u00e5 feire. H\u00f8r min reportasje for NRK Kulturnytt:<\/p>\n<p><object id=\"boo_player_1\" classid=\"clsid:d27cdb6e-ae6d-11cf-96b8-444553540000\" width=\"400\" height=\"129\" codebase=\"http:\/\/download.macromedia.com\/pub\/shockwave\/cabs\/flash\/swflash.cab#version=6,0,40,0\"><param name=\"data\" value=\"http:\/\/boos.audioboo.fm\/swf\/fullsize_player.swf\" \/><param name=\"scale\" value=\"noscale\" \/><param name=\"salign\" value=\"lt\" \/><param name=\"bgColor\" value=\"#FFFFFF\" \/><param name=\"allowScriptAccess\" value=\"always\" \/><param name=\"wmode\" value=\"window\" \/><param name=\"FlashVars\" value=\"mp3=http%3A%2F%2Faudioboo.fm%2Fboos%2F277662-joy-division-feiret-med-utstilling.mp3%3Fsource%3Dembed&amp;mp3Author=lbevanger&amp;mp3LinkURL=http%3A%2F%2Faudioboo.fm%2Fboos%2F277662-joy-division-feiret-med-utstilling&amp;mp3Title=Joy+Division+feiret+med+utstilling&amp;rootID=boo_player_1&amp;mp3Time=10.05am+14+Feb+2011\" \/><param name=\"src\" value=\"http:\/\/boos.audioboo.fm\/swf\/fullsize_player.swf\" \/><param name=\"bgcolor\" value=\"#FFFFFF\" \/><param name=\"flashvars\" value=\"mp3=http%3A%2F%2Faudioboo.fm%2Fboos%2F277662-joy-division-feiret-med-utstilling.mp3%3Fsource%3Dembed&amp;mp3Author=lbevanger&amp;mp3LinkURL=http%3A%2F%2Faudioboo.fm%2Fboos%2F277662-joy-division-feiret-med-utstilling&amp;mp3Title=Joy+Division+feiret+med+utstilling&amp;rootID=boo_player_1&amp;mp3Time=10.05am+14+Feb+2011\" \/><embed id=\"boo_player_1\" type=\"application\/x-shockwave-flash\" width=\"400\" height=\"129\" src=\"http:\/\/boos.audioboo.fm\/swf\/fullsize_player.swf\" flashvars=\"mp3=http%3A%2F%2Faudioboo.fm%2Fboos%2F277662-joy-division-feiret-med-utstilling.mp3%3Fsource%3Dembed&amp;mp3Author=lbevanger&amp;mp3LinkURL=http%3A%2F%2Faudioboo.fm%2Fboos%2F277662-joy-division-feiret-med-utstilling&amp;mp3Title=Joy+Division+feiret+med+utstilling&amp;rootID=boo_player_1&amp;mp3Time=10.05am+14+Feb+2011\" wmode=\"window\" allowscriptaccess=\"always\" bgcolor=\"#FFFFFF\" salign=\"lt\" scale=\"noscale\" data=\"http:\/\/boos.audioboo.fm\/swf\/fullsize_player.swf\"><\/embed><\/object><\/p>\n<h3>Britiske fanger kjemper for stemmerett (mars 2010)<\/h3>\n<p>Om f\u00e5 uker er det parlamentsvalg i Storbritannia, men valget st\u00e5r i fare for \u00e5 bli underkjent av EU. Storbritannia er nemlig et av de f\u00e5 land i verden som forbyr alle som sitter i fengsel \u00e5 stemme &#8211; og DET er i strid med EUs menneskerettighets-konvensjon. Jeg m\u00f8tte mannen som tok britiske myndigheter til\u00a0menneskerettighets-domstolen i Haag i 2005, og vant. H\u00f8r min reportasje for NRK S\u00e5nn er livet her:<\/p>\n<p><object id=\"boo_player_1\" classid=\"clsid:d27cdb6e-ae6d-11cf-96b8-444553540000\" width=\"400\" height=\"129\" codebase=\"http:\/\/download.macromedia.com\/pub\/shockwave\/cabs\/flash\/swflash.cab#version=6,0,40,0\"><param name=\"data\" value=\"http:\/\/boos.audioboo.fm\/swf\/fullsize_player.swf\" \/><param name=\"scale\" value=\"noscale\" \/><param name=\"salign\" value=\"lt\" \/><param name=\"bgColor\" value=\"#FFFFFF\" \/><param name=\"allowScriptAccess\" value=\"always\" \/><param name=\"wmode\" value=\"window\" \/><param name=\"FlashVars\" value=\"mp3=http%3A%2F%2Faudioboo.fm%2Fboos%2F277668-stemmerett-for-britiske-fanger.mp3%3Fsource%3Dembed&amp;mp3Author=lbevanger&amp;mp3LinkURL=http%3A%2F%2Faudioboo.fm%2Fboos%2F277668-stemmerett-for-britiske-fanger&amp;mp3Title=Stemmerett+for+britiske+fanger&amp;mp3Time=10.13am+14+Feb+2011&amp;rootID=boo_player_1\" \/><param name=\"src\" value=\"http:\/\/boos.audioboo.fm\/swf\/fullsize_player.swf\" \/><param name=\"bgcolor\" value=\"#FFFFFF\" \/><param name=\"flashvars\" value=\"mp3=http%3A%2F%2Faudioboo.fm%2Fboos%2F277668-stemmerett-for-britiske-fanger.mp3%3Fsource%3Dembed&amp;mp3Author=lbevanger&amp;mp3LinkURL=http%3A%2F%2Faudioboo.fm%2Fboos%2F277668-stemmerett-for-britiske-fanger&amp;mp3Title=Stemmerett+for+britiske+fanger&amp;mp3Time=10.13am+14+Feb+2011&amp;rootID=boo_player_1\" \/><embed id=\"boo_player_1\" type=\"application\/x-shockwave-flash\" width=\"400\" height=\"129\" src=\"http:\/\/boos.audioboo.fm\/swf\/fullsize_player.swf\" flashvars=\"mp3=http%3A%2F%2Faudioboo.fm%2Fboos%2F277668-stemmerett-for-britiske-fanger.mp3%3Fsource%3Dembed&amp;mp3Author=lbevanger&amp;mp3LinkURL=http%3A%2F%2Faudioboo.fm%2Fboos%2F277668-stemmerett-for-britiske-fanger&amp;mp3Title=Stemmerett+for+britiske+fanger&amp;mp3Time=10.13am+14+Feb+2011&amp;rootID=boo_player_1\" wmode=\"window\" allowscriptaccess=\"always\" bgcolor=\"#FFFFFF\" salign=\"lt\" scale=\"noscale\" data=\"http:\/\/boos.audioboo.fm\/swf\/fullsize_player.swf\"><\/embed><\/object><\/p>\n<h3>Drapet p\u00e5 Sophie Lancaster (juni 2010)<\/h3>\n<p>Det brutale drapet p\u00e5 en 20 \u00e5r gammel jente sjokkerte folk i England for tre \u00e5r siden. Sophie Lancaster ble sl\u00e5tt og sparket ihjel av en ungdomsgjeng da hun pr\u00f8vde \u00e5 beskytte kj\u00e6resten Robert som gjengen allerede hadde sl\u00e5tt i svime. Gjerningsmennenes eneste motiv var at Sophie og Robert s\u00e5 anderledes ut. De var Gothere og representerte en subkultur som omfatter klesstil, musikk, kunst og litteratur. Men det mest oppsiktsvekkende med denne historien er hvordan Sophies venner og familie reagerte. De har snudd det tragiske til noe positivt, og brukt de siste tre \u00e5rene p\u00e5 \u00e5 kjempe mot hatkriminalitet. H\u00f8r min reportasje for NRK S\u00e5nn er livet her:<\/p>\n<p><object data=\"http:\/\/boos.audioboo.fm\/swf\/fullsize_player.swf\" height=\"129\" id=\"boo_player_1\" type=\"application\/x-shockwave-flash\" width=\"400\"><param name=\"movie\" value=\"http:\/\/boos.audioboo.fm\/swf\/fullsize_player.swf\" \/><param name=\"scale\" value=\"noscale\" \/><param name=\"salign\" value=\"lt\" \/><param name=\"bgColor\" value=\"#FFFFFF\" \/><param name=\"allowScriptAccess\" value=\"always\" \/><param name=\"wmode\" value=\"window\" \/><param name=\"FlashVars\" value=\"mp3=http%3A%2F%2Faudioboo.fm%2Fboos%2F277673-drapet-pa-sophie-lancaster.mp3%3Fsource%3Dembed&amp;mp3Author=lbevanger&amp;mp3LinkURL=http%3A%2F%2Faudioboo.fm%2Fboos%2F277673-drapet-pa-sophie-lancaster&amp;mp3Title=Drapet+p%C3%A5+Sophie+Lancaster&amp;rootID=boo_player_1&amp;mp3Time=10.23am+14+Feb+2011\" \/><a href=\"http:\/\/audioboo.fm\/boos\/277673-drapet-pa-sophie-lancaster.mp3?source=embed\">Listen!<\/a><\/object><\/p>\n","protected":false},"excerpt":{"rendered":"<p>Some of my previous work created before my webpage can be found here &#8211; some in English, some in Norwegian: UK Stereotypes (February 2010) The UK might be one nation, but stereotypes abound between people from its four separate countries: England, Wales, Scotland and Northern Ireland. My report for Network Europe: EDL: the rise of [&hellip;]<\/p>\n","protected":false},"author":1,"featured_media":0,"parent":0,"menu_order":0,"comment_status":"open","ping_status":"open","template":"","meta":{"footnotes":""},"class_list":["post-60","page","type-page","status-publish","hentry"],"_links":{"self":[{"href":"http:\/\/www.bevanger.co.uk\/index.php?rest_route=\/wp\/v2\/pages\/60","targetHints":{"allow":["GET"]}}],"collection":[{"href":"http:\/\/www.bevanger.co.uk\/index.php?rest_route=\/wp\/v2\/pages"}],"about":[{"href":"http:\/\/www.bevanger.co.uk\/index.php?rest_route=\/wp\/v2\/types\/page"}],"author":[{"embeddable":true,"href":"http:\/\/www.bevanger.co.uk\/index.php?rest_route=\/wp\/v2\/users\/1"}],"replies":[{"embeddable":true,"href":"http:\/\/www.bevanger.co.uk\/index.php?rest_route=%2Fwp%2Fv2%2Fcomments&post=60"}],"version-history":[{"count":15,"href":"http:\/\/www.bevanger.co.uk\/index.php?rest_route=\/wp\/v2\/pages\/60\/revisions"}],"predecessor-version":[{"id":216,"href":"http:\/\/www.bevanger.co.uk\/index.php?rest_route=\/wp\/v2\/pages\/60\/revisions\/216"}],"wp:attachment":[{"href":"http:\/\/www.bevanger.co.uk\/index.php?rest_route=%2Fwp%2Fv2%2Fmedia&parent=60"}],"curies":[{"name":"wp","href":"https:\/\/api.w.org\/{rel}","templated":true}]}}